{"id":2843,"date":"2023-09-04T15:46:42","date_gmt":"2023-09-04T14:46:42","guid":{"rendered":"https:\/\/umlapoblatornesa.es\/?page_id=2843"},"modified":"2023-09-04T16:42:36","modified_gmt":"2023-09-04T15:42:36","slug":"vull-fer-me-soci","status":"publish","type":"page","link":"https:\/\/umlapoblatornesa.es\/index.php\/vull-fer-me-soci\/","title":{"rendered":"Vull fer-me soci"},"content":{"rendered":"\n<p id=\"tw-target-text\">Per la present SOL\u00b7LICITE l&#8217;alta com a SOCI\/A de l&#8217;Associaci\u00f3 Musical La Pobla Tornesa a partir de la data m\u00e9s avall indicada, comprometent-me a abonar les quotes que si escau l&#8217;associaci\u00f3 estableixi i acceptant els termes que es reflecteixen als Estatuts de la Associaci\u00f3.<\/p>\n\n\n\n<p>La cuota de soci actual es de 30\u20ac al any. Qualsevol canvi ser\u00e0 notificat per les vies de comunicaci\u00f3 pr\u00f2pies de l&#8217;associaci\u00f3<\/p>\n\n\n\n<div class=\"forminator-ui forminator-custom-form forminator-custom-form-2858 forminator-design--default forminator-enclosed forminator_ajax\" data-forminator-render=\"0\" data-form=\"forminator-module-2858\" data-uid=\"69eb9458045d1\"><br\/><\/div><form\n\t\t\t\tid=\"forminator-module-2858\"\n\t\t\t\tclass=\"forminator-ui forminator-custom-form forminator-custom-form-2858 forminator-design--default forminator-enclosed forminator_ajax\"\n\t\t\t\tmethod=\"post\"\n\t\t\t\tdata-forminator-render=\"0\"\n\t\t\t\tdata-form-id=\"2858\"\n\t\t\t\t\n\t\t\t\tdata-design=\"default\"\n\t\t\t\tdata-color-option=\"default\"\n\t\t\t\t\n\t\t\t\t\n\t\t\t\t\n\t\t\t\tdata-grid=\"enclosed\"\n\t\t\t\t\n\t\t\t\t\n\t\t\t\tstyle=\"display: none;\"\n\t\t\t\t\n\t\t\t\tdata-uid=\"69eb9458045d1\"\n\t\t\t><div role=\"alert\" aria-live=\"polite\" class=\"forminator-response-message forminator-error\" aria-hidden=\"true\"><\/div><div class=\"forminator-row\"><div id=\"name-1\" class=\"forminator-field-name forminator-col forminator-col-12 \"><div class=\"forminator-row forminator-no-margin\" data-multiple=\"true\"><div class=\"forminator-col forminator-col-md-6\"><div class=\"forminator-field\"><label for=\"forminator-field-first-name-1_69eb9458045d1\" id=\"forminator-field-first-name-1_69eb9458045d1-label\" class=\"forminator-label\">Nom <span class=\"forminator-required\">*<\/span><\/label><input type=\"text\" name=\"name-1-first-name\" placeholder=\"\" id=\"forminator-field-first-name-1_69eb9458045d1\" class=\"forminator-input\" aria-required=\"true\" data-multi=\"1\" value=\"\" \/><\/div><\/div><div class=\"forminator-col forminator-col-md-6\"><div class=\"forminator-field\"><label for=\"forminator-field-last-name-1_69eb9458045d1\" id=\"forminator-field-last-name-1_69eb9458045d1-label\" class=\"forminator-label\">Cognom<\/label><input type=\"text\" name=\"name-1-last-name\" placeholder=\"\" id=\"forminator-field-last-name-1_69eb9458045d1\" class=\"forminator-input\" aria-required=\"false\" data-multi=\"1\" value=\"\" \/><\/div><\/div><\/div><\/div><\/div><div class=\"forminator-row\"><div id=\"address-1\" class=\"forminator-field-address forminator-col forminator-col-12 \"><div class=\"forminator-row\"><div id=\"address-1-street_address\" class=\"forminator-col\"><div class=\"forminator-field\"><label for=\"forminator-field-address-1-street_address_69eb9458045d1\" id=\"forminator-field-address-1-street_address_69eb9458045d1-label\" class=\"forminator-label\">Adre\u00e7a <span class=\"forminator-required\">*<\/span><\/label><input type=\"text\" name=\"address-1-street_address\" placeholder=\"\" id=\"forminator-field-address-1-street_address_69eb9458045d1\" class=\"forminator-input\" data-required=\"1\" aria-required=\"true\" value=\"\" \/><\/div><\/div><\/div><div class=\"forminator-row\" data-multiple=\"true\"><div id=\"address-1-city\" class=\"forminator-col forminator-col-6\"><div class=\"forminator-field\"><label for=\"forminator-field-address-1-city_69eb9458045d1\" id=\"forminator-field-address-1-city_69eb9458045d1-label\" class=\"forminator-label\">Poblaci\u00f3<\/label><input type=\"text\" name=\"address-1-city\" placeholder=\"La Pobla Tornesa\" id=\"forminator-field-address-1-city_69eb9458045d1\" class=\"forminator-input\" data-required=\"\" aria-required=\"false\" value=\"\" \/><\/div><\/div><div id=\"address-1-state\" class=\"forminator-col forminator-col-6\"><div class=\"forminator-field\"><label for=\"forminator-field-address-1-state_69eb9458045d1\" id=\"forminator-field-address-1-state_69eb9458045d1-label\" class=\"forminator-label\">Provincia<\/label><input type=\"text\" name=\"address-1-state\" placeholder=\"Castell\u00f3\" id=\"forminator-field-address-1-state_69eb9458045d1\" class=\"forminator-input\" data-required=\"\" aria-required=\"false\" value=\"\" \/><\/div><\/div><\/div><div class=\"forminator-row\" data-multiple=\"false\"><div id=\"address-1-zip\" class=\"forminator-col forminator-col-12\"><div class=\"forminator-field\"><label for=\"forminator-field-address-1-zip_69eb9458045d1\" id=\"forminator-field-address-1-zip_69eb9458045d1-label\" class=\"forminator-label\">C.P.<\/label><input type=\"text\" name=\"address-1-zip\" placeholder=\"12191\" id=\"forminator-field-address-1-zip_69eb9458045d1\" class=\"forminator-input\" value=\"\" \/><\/div><\/div><\/div><\/div><\/div><div class=\"forminator-row\"><div id=\"phone-1\" class=\"forminator-field-phone forminator-col forminator-col-6 \"><div class=\"forminator-field\"><label for=\"forminator-field-phone-1_69eb9458045d1\" id=\"forminator-field-phone-1_69eb9458045d1-label\" class=\"forminator-label\">Tel\u00e8fon <span class=\"forminator-required\">*<\/span><\/label><input type=\"text\" name=\"phone-1\" value=\"\" placeholder=\"\" id=\"forminator-field-phone-1_69eb9458045d1\" class=\"forminator-input forminator-field--phone\" data-required=\"1\" aria-required=\"true\" autocomplete=\"off\" \/><\/div><\/div><div id=\"email-1\" class=\"forminator-field-email forminator-col forminator-col-6 \"><div class=\"forminator-field\"><label for=\"forminator-field-email-1_69eb9458045d1\" id=\"forminator-field-email-1_69eb9458045d1-label\" class=\"forminator-label\">e-mail <span class=\"forminator-required\">*<\/span><\/label><input type=\"email\" name=\"email-1\" value=\"\" placeholder=\"\" id=\"forminator-field-email-1_69eb9458045d1\" class=\"forminator-input forminator-email--field\" data-required=\"true\" aria-required=\"true\" \/><\/div><\/div><\/div><div class=\"forminator-row\"><div id=\"text-1\" class=\"forminator-field-text forminator-col forminator-col-6 \"><div class=\"forminator-field\"><label for=\"forminator-field-text-1_69eb9458045d1\" id=\"forminator-field-text-1_69eb9458045d1-label\" class=\"forminator-label\">IBAN<\/label><input type=\"text\" name=\"text-1\" value=\"\" placeholder=\"\" id=\"forminator-field-text-1_69eb9458045d1\" class=\"forminator-input forminator-name--field\" data-required=\"\" \/><\/div><\/div><div id=\"textarea-1\" class=\"forminator-field-textarea forminator-col forminator-col-6 \"><div class=\"forminator-field\"><label for=\"forminator-field-textarea-1_69eb9458045d1\" id=\"forminator-field-textarea-1_69eb9458045d1-label\" class=\"forminator-label\">Vull m\u00e9s informaci\u00f3<\/label><textarea name=\"textarea-1\" placeholder=\"El seu missatge...\" id=\"forminator-field-textarea-1_69eb9458045d1\" class=\"forminator-textarea\" rows=\"6\" style=\"min-height:140px;\" maxlength=\"180\" ><\/textarea><span id=\"forminator-field-textarea-1_69eb9458045d1-description\" class=\"forminator-description\"><span data-limit=\"180\" data-type=\"characters\" data-editor=\"\">0 \/ 180<\/span><\/span><\/div><\/div><\/div><input type=\"hidden\" name=\"referer_url\" value=\"\" \/><div class=\"forminator-row forminator-row-last\"><div class=\"forminator-col\"><div class=\"forminator-field\"><button class=\"forminator-button forminator-button-submit\">Enviar<\/button><\/div><\/div><\/div><input type=\"hidden\" id=\"forminator_nonce\" name=\"forminator_nonce\" value=\"d3a2f219b0\" \/><input type=\"hidden\" name=\"_wp_http_referer\" value=\"\/index.php\/wp-json\/wp\/v2\/pages\/2843\" \/><input type=\"hidden\" name=\"form_id\" value=\"2858\"><input type=\"hidden\" name=\"page_id\" value=\"2843\"><input type=\"hidden\" name=\"form_type\" value=\"default\"><input type=\"hidden\" name=\"current_url\" value=\"https:\/\/umlapoblatornesa.es\/index.php\/vull-fer-me-soci\/\"><input type=\"hidden\" name=\"render_id\" value=\"0\"><input type=\"hidden\" name=\"action\" value=\"forminator_submit_form_custom-forms\"><\/form>\n","protected":false},"excerpt":{"rendered":"<p>Per la present SOL\u00b7LICITE l&#8217;alta com a SOCI\/A de l&#8217;Associaci\u00f3 Musical La Pobla Tornesa a partir de la data m\u00e9s avall indicada,<\/p>\n<p class=\"link-more\"><a class=\"myButt \" href=\"https:\/\/umlapoblatornesa.es\/index.php\/vull-fer-me-soci\/\">Llegir m\u00e9s<\/a><\/p>\n","protected":false},"author":8,"featured_media":0,"parent":0,"menu_order":0,"comment_status":"closed","ping_status":"closed","template":"","meta":{"footnotes":""},"class_list":["post-2843","page","type-page","status-publish","hentry"],"aioseo_notices":[],"_links":{"self":[{"href":"https:\/\/umlapoblatornesa.es\/index.php\/wp-json\/wp\/v2\/pages\/2843","targetHints":{"allow":["GET"]}}],"collection":[{"href":"https:\/\/umlapoblatornesa.es\/index.php\/wp-json\/wp\/v2\/pages"}],"about":[{"href":"https:\/\/umlapoblatornesa.es\/index.php\/wp-json\/wp\/v2\/types\/page"}],"author":[{"embeddable":true,"href":"https:\/\/umlapoblatornesa.es\/index.php\/wp-json\/wp\/v2\/users\/8"}],"replies":[{"embeddable":true,"href":"https:\/\/umlapoblatornesa.es\/index.php\/wp-json\/wp\/v2\/comments?post=2843"}],"version-history":[{"count":8,"href":"https:\/\/umlapoblatornesa.es\/index.php\/wp-json\/wp\/v2\/pages\/2843\/revisions"}],"predecessor-version":[{"id":2861,"href":"https:\/\/umlapoblatornesa.es\/index.php\/wp-json\/wp\/v2\/pages\/2843\/revisions\/2861"}],"wp:attachment":[{"href":"https:\/\/umlapoblatornesa.es\/index.php\/wp-json\/wp\/v2\/media?parent=2843"}],"curies":[{"name":"wp","href":"https:\/\/api.w.org\/{rel}","templated":true}]}}