{"id":2891,"date":"2023-09-05T12:02:33","date_gmt":"2023-09-05T11:02:33","guid":{"rendered":"https:\/\/umlapoblatornesa.es\/?page_id=2891"},"modified":"2023-09-21T15:31:00","modified_gmt":"2023-09-21T14:31:00","slug":"qui-som","status":"publish","type":"page","link":"https:\/\/umlapoblatornesa.es\/index.php\/qui-som\/","title":{"rendered":"Qui Som"},"content":{"rendered":"<div class=\"wp-block-image\">\n<figure class=\"aligncenter size-large is-resized\"><img fetchpriority=\"high\" decoding=\"async\" src=\"https:\/\/umlapoblatornesa.es\/wp-content\/uploads\/2022\/07\/unio_musical-640x479.jpg\" alt=\"\" class=\"wp-image-2786\" style=\"width:414px;height:310px\" width=\"414\" height=\"310\" srcset=\"https:\/\/umlapoblatornesa.es\/wp-content\/uploads\/2022\/07\/unio_musical-640x479.jpg 640w, https:\/\/umlapoblatornesa.es\/wp-content\/uploads\/2022\/07\/unio_musical-300x224.jpg 300w, https:\/\/umlapoblatornesa.es\/wp-content\/uploads\/2022\/07\/unio_musical-768x574.jpg 768w, https:\/\/umlapoblatornesa.es\/wp-content\/uploads\/2022\/07\/unio_musical.jpg 960w\" sizes=\"(max-width: 414px) 100vw, 414px\" \/><\/figure><\/div>\n\n\n<div class=\"wp-block-columns is-layout-flex wp-container-core-columns-is-layout-1 wp-block-columns-is-layout-flex\">\n<div class=\"wp-block-column is-layout-flow wp-block-column-is-layout-flow\" style=\"flex-basis:100%\">\n<div class=\"wp-block-group\"><div class=\"wp-block-group__inner-container is-layout-constrained wp-block-group-is-layout-constrained\">\n<p class=\"has-text-align-left\">La formaci\u00f3 es va constituir el 23 d\u2019octubre de 2013. Va ser una refundaci\u00f3 de l\u2019agrupaci\u00f3 que ja existia en aquesta poblaci\u00f3 i que, per desgr\u00e0cia, havia desaparegut a mitjans del segle XX.<\/p>\n\n\n\n<p class=\"has-text-align-left\">Al moment de la seva refundaci\u00f3, el seu president va ser Manuel Jos\u00e9 Renau Castellet. Estava formada per 27 joves m\u00fasics i codirigida per Dion\u00eds Tena Pallar\u00e9s i Marc Agut. Cal indicar que l\u2019associaci\u00f3 musical, en els seus inicis, compta ja amb un total de 75 socis.<br>Des dels seus inicis el m\u00fasics de la banda han dut a terme diverses cercaviles, com el de la festivitat de Santa Cec\u00edlia, el de Sant Antoni, Carnestoltes, Festes de la Joventut, dia de les comunions i festes d\u2019agost.&nbsp;<\/p>\n\n\n\n<p class=\"has-text-align-left\">Quan arriba Nadal la Banda prepara un divertit concert amb la participaci\u00f3 i implicaci\u00f3 de l&#8217;Escola de M\u00fasica, aix\u00ed com els concerts de pasqua, festes d\u2019agost i Santa Cec\u00edlia. A m\u00e9s de la participaci\u00f3 en actes comarcals com Intercanvis, Trobada de Bandes\u2026<br>Com afirmen des de la Uni\u00f3 Musical la Pobla Tornesa \u201csom una senzilla agrupaci\u00f3 que aspirem a omplir una altra vegada de m\u00fasica els carrers d\u2019aquesta poblaci\u00f3 de la Plana Alta de Castell\u00f3, tal com ja van fer els nostres avantpassats i la nostra intenci\u00f3 no \u00e9s una altra que la de col\u00b7laborar dins de les nostres possibilitats en tots els actes culturals que es duguen a terme en la nostra localitat\u201d.<\/p>\n\n\n\n<p class=\"has-text-align-left\">Cal destacar que la Banda ha aconseguit crear una bona cantera amb la creaci\u00f3 de l\u2019Escola de M\u00fasica i la formaci\u00f3 de la \u201cBandeta\u201d, on els nostres m\u00fasics m\u00e9s joves, tenen els seus primers contactes amb el meravell\u00f3s m\u00f3n de les Bandes. Un m\u00f3n tan present a la nostra terra.<\/p>\n\n\n\n<p class=\"has-text-align-left\">En l&#8217;actualitat la seua presidenta \u00e9s Alicia Almagro i el seu director Dion\u00eds Tena Pallar\u00e9s.<\/p>\n<\/div><\/div>\n<\/div>\n<\/div>\n","protected":false},"excerpt":{"rendered":"<p>La formaci\u00f3 es va constituir el 23 d\u2019octubre de 2013. Va ser una refundaci\u00f3 de l\u2019agrupaci\u00f3 que ja existia en aquesta poblaci\u00f3<\/p>\n<p class=\"link-more\"><a class=\"myButt \" href=\"https:\/\/umlapoblatornesa.es\/index.php\/qui-som\/\">Llegir m\u00e9s<\/a><\/p>\n","protected":false},"author":8,"featured_media":0,"parent":0,"menu_order":0,"comment_status":"closed","ping_status":"closed","template":"","meta":{"footnotes":""},"class_list":["post-2891","page","type-page","status-publish","hentry"],"aioseo_notices":[],"_links":{"self":[{"href":"https:\/\/umlapoblatornesa.es\/index.php\/wp-json\/wp\/v2\/pages\/2891","targetHints":{"allow":["GET"]}}],"collection":[{"href":"https:\/\/umlapoblatornesa.es\/index.php\/wp-json\/wp\/v2\/pages"}],"about":[{"href":"https:\/\/umlapoblatornesa.es\/index.php\/wp-json\/wp\/v2\/types\/page"}],"author":[{"embeddable":true,"href":"https:\/\/umlapoblatornesa.es\/index.php\/wp-json\/wp\/v2\/users\/8"}],"replies":[{"embeddable":true,"href":"https:\/\/umlapoblatornesa.es\/index.php\/wp-json\/wp\/v2\/comments?post=2891"}],"version-history":[{"count":4,"href":"https:\/\/umlapoblatornesa.es\/index.php\/wp-json\/wp\/v2\/pages\/2891\/revisions"}],"predecessor-version":[{"id":2981,"href":"https:\/\/umlapoblatornesa.es\/index.php\/wp-json\/wp\/v2\/pages\/2891\/revisions\/2981"}],"wp:attachment":[{"href":"https:\/\/umlapoblatornesa.es\/index.php\/wp-json\/wp\/v2\/media?parent=2891"}],"curies":[{"name":"wp","href":"https:\/\/api.w.org\/{rel}","templated":true}]}}