{"id":3124,"date":"2025-03-04T10:30:33","date_gmt":"2025-03-04T09:30:33","guid":{"rendered":"https:\/\/umlapoblatornesa.es\/?page_id=3124"},"modified":"2025-03-04T10:36:17","modified_gmt":"2025-03-04T09:36:17","slug":"el-nostre-cor","status":"publish","type":"page","link":"https:\/\/umlapoblatornesa.es\/index.php\/el-nostre-cor\/","title":{"rendered":"El nostre cor"},"content":{"rendered":"<div class=\"wp-block-image\">\n<figure class=\"alignleft size-large is-resized\"><img fetchpriority=\"high\" decoding=\"async\" width=\"514\" height=\"640\" src=\"https:\/\/umlapoblatornesa.es\/wp-content\/uploads\/2025\/03\/LogoCoroTranspCol-514x640.png\" alt=\"\" class=\"wp-image-3125\" style=\"width:153px;height:auto\" srcset=\"https:\/\/umlapoblatornesa.es\/wp-content\/uploads\/2025\/03\/LogoCoroTranspCol-514x640.png 514w, https:\/\/umlapoblatornesa.es\/wp-content\/uploads\/2025\/03\/LogoCoroTranspCol-241x300.png 241w, https:\/\/umlapoblatornesa.es\/wp-content\/uploads\/2025\/03\/LogoCoroTranspCol.png 655w\" sizes=\"(max-width: 514px) 100vw, 514px\" \/><\/figure><\/div>\n\n\n<p>A La Pobla Tornesa estem creant un cor d&#8217;adults per tal de cantar, passa-ho be junts i divertir-nos. Si vols apuntar-te o demanar informaci\u00f3, nom\u00e9s tens emplenar les seg\u00fcents dades. <\/p>\n\n\n\n<p>Preus: 15\u20ac per socis y 20\u20ac per no socis<\/p>\n\n\n\n<div class=\"forminator-guttenberg\"><div class=\"forminator-ui forminator-custom-form forminator-custom-form-3123 forminator-design--default forminator-enclosed forminator_ajax\" data-forminator-render=\"0\" data-form=\"forminator-module-3123\" data-uid=\"69f294c5b7e84\"><br\/><\/div><form\n\t\t\t\tid=\"forminator-module-3123\"\n\t\t\t\tclass=\"forminator-ui forminator-custom-form forminator-custom-form-3123 forminator-design--default forminator-enclosed forminator_ajax\"\n\t\t\t\tmethod=\"post\"\n\t\t\t\tdata-forminator-render=\"0\"\n\t\t\t\tdata-form-id=\"3123\"\n\t\t\t\t\n\t\t\t\tdata-design=\"default\"\n\t\t\t\tdata-color-option=\"default\"\n\t\t\t\t\n\t\t\t\t\n\t\t\t\t\n\t\t\t\tdata-grid=\"enclosed\"\n\t\t\t\t\n\t\t\t\t\n\t\t\t\tstyle=\"display: none;\"\n\t\t\t\t\n\t\t\t\tdata-uid=\"69f294c5b7e84\"\n\t\t\t><div role=\"alert\" aria-live=\"polite\" class=\"forminator-response-message forminator-error\" aria-hidden=\"true\"><\/div><div class=\"forminator-row\"><div id=\"text-2\" class=\"forminator-field-text forminator-col forminator-col-6 \"><div class=\"forminator-field\"><label for=\"forminator-field-text-2_69f294c5b7e84\" id=\"forminator-field-text-2_69f294c5b7e84-label\" class=\"forminator-label\">Activitat a la que em vull apuntar<\/label><input type=\"text\" name=\"text-2\" value=\"Cor d&#039;Adults\" placeholder=\"E.g. text placeholder\" id=\"forminator-field-text-2_69f294c5b7e84\" class=\"forminator-input forminator-name--field\" data-required=\"\" \/><\/div><\/div><div id=\"checkbox-1\" class=\"forminator-field-checkbox forminator-col forminator-col-6 \"><div role=\"group\" class=\"forminator-field\" aria-labelledby=\"forminator-checkbox-group-forminator-field-checkbox-1-69f294c5b7e84-label\"><span id=\"forminator-checkbox-group-forminator-field-checkbox-1-69f294c5b7e84-label\" class=\"forminator-label\">\u00bfSoc soci?<\/span><label id=\"forminator-field-checkbox-1-1-69f294c5b7e84-label\" for=\"forminator-field-checkbox-1-1-69f294c5b7e84\" class=\"forminator-checkbox\" title=\"Soc soci\"><input type=\"checkbox\" name=\"checkbox-1[]\" value=\"one\" id=\"forminator-field-checkbox-1-1-69f294c5b7e84\" aria-labelledby=\"forminator-field-checkbox-1-1-69f294c5b7e84-label\" data-calculation=\"0\"   data-hidden-behavior=\"zero\"\/><span class=\"forminator-checkbox-box\" aria-hidden=\"true\"><\/span><span class=\"forminator-checkbox-label\">Soc soci<\/span><\/label><label id=\"forminator-field-checkbox-1-2-69f294c5b7e84-label\" for=\"forminator-field-checkbox-1-2-69f294c5b7e84\" class=\"forminator-checkbox\" title=\"Vull ser soci\"><input type=\"checkbox\" name=\"checkbox-1[]\" value=\"two\" id=\"forminator-field-checkbox-1-2-69f294c5b7e84\" aria-labelledby=\"forminator-field-checkbox-1-2-69f294c5b7e84-label\" data-calculation=\"0\"   data-hidden-behavior=\"zero\"\/><span class=\"forminator-checkbox-box\" aria-hidden=\"true\"><\/span><span class=\"forminator-checkbox-label\">Vull ser soci<\/span><\/label><label id=\"forminator-field-checkbox-1-3-69f294c5b7e84-label\" for=\"forminator-field-checkbox-1-3-69f294c5b7e84\" class=\"forminator-checkbox\" title=\"No soc soci\"><input type=\"checkbox\" name=\"checkbox-1[]\" value=\"No-soc-soci\" id=\"forminator-field-checkbox-1-3-69f294c5b7e84\" aria-labelledby=\"forminator-field-checkbox-1-3-69f294c5b7e84-label\" data-calculation=\"0\"   data-hidden-behavior=\"zero\"\/><span class=\"forminator-checkbox-box\" aria-hidden=\"true\"><\/span><span class=\"forminator-checkbox-label\">No soc soci<\/span><\/label><\/div><\/div><\/div><div class=\"forminator-row\"><div id=\"name-1\" class=\"forminator-field-name forminator-col forminator-col-12 \"><div class=\"forminator-row forminator-no-margin\" data-multiple=\"true\"><div class=\"forminator-col forminator-col-md-6\"><div class=\"forminator-field\"><label for=\"forminator-field-first-name-1_69f294c5b7e84\" id=\"forminator-field-first-name-1_69f294c5b7e84-label\" class=\"forminator-label\">Nom <span class=\"forminator-required\">*<\/span><\/label><input type=\"text\" name=\"name-1-first-name\" placeholder=\"\" id=\"forminator-field-first-name-1_69f294c5b7e84\" class=\"forminator-input\" aria-required=\"true\" data-multi=\"1\" value=\"\" \/><\/div><\/div><div class=\"forminator-col forminator-col-md-6\"><div class=\"forminator-field\"><label for=\"forminator-field-last-name-1_69f294c5b7e84\" id=\"forminator-field-last-name-1_69f294c5b7e84-label\" class=\"forminator-label\">Cognom<\/label><input type=\"text\" name=\"name-1-last-name\" placeholder=\"\" id=\"forminator-field-last-name-1_69f294c5b7e84\" class=\"forminator-input\" aria-required=\"false\" data-multi=\"1\" value=\"\" \/><\/div><\/div><\/div><\/div><\/div><div class=\"forminator-row\"><div id=\"address-1\" class=\"forminator-field-address forminator-col forminator-col-12 \"><div class=\"forminator-row\"><div id=\"address-1-street_address\" class=\"forminator-col\"><div class=\"forminator-field\"><label for=\"forminator-field-address-1-street_address_69f294c5b7e84\" id=\"forminator-field-address-1-street_address_69f294c5b7e84-label\" class=\"forminator-label\">Adre\u00e7a <span class=\"forminator-required\">*<\/span><\/label><input type=\"text\" name=\"address-1-street_address\" placeholder=\"\" id=\"forminator-field-address-1-street_address_69f294c5b7e84\" class=\"forminator-input\" data-required=\"1\" aria-required=\"true\" value=\"\" \/><\/div><\/div><\/div><div class=\"forminator-row\" data-multiple=\"true\"><div id=\"address-1-city\" class=\"forminator-col forminator-col-6\"><div class=\"forminator-field\"><label for=\"forminator-field-address-1-city_69f294c5b7e84\" id=\"forminator-field-address-1-city_69f294c5b7e84-label\" class=\"forminator-label\">Poblaci\u00f3<\/label><input type=\"text\" name=\"address-1-city\" placeholder=\"La Pobla Tornesa\" id=\"forminator-field-address-1-city_69f294c5b7e84\" class=\"forminator-input\" data-required=\"\" aria-required=\"false\" value=\"\" \/><\/div><\/div><div id=\"address-1-state\" class=\"forminator-col forminator-col-6\"><div class=\"forminator-field\"><label for=\"forminator-field-address-1-state_69f294c5b7e84\" id=\"forminator-field-address-1-state_69f294c5b7e84-label\" class=\"forminator-label\">Provincia<\/label><input type=\"text\" name=\"address-1-state\" placeholder=\"Castell\u00f3\" id=\"forminator-field-address-1-state_69f294c5b7e84\" class=\"forminator-input\" data-required=\"\" aria-required=\"false\" value=\"\" \/><\/div><\/div><\/div><div class=\"forminator-row\" data-multiple=\"false\"><div id=\"address-1-zip\" class=\"forminator-col forminator-col-12\"><div class=\"forminator-field\"><label for=\"forminator-field-address-1-zip_69f294c5b7e84\" id=\"forminator-field-address-1-zip_69f294c5b7e84-label\" class=\"forminator-label\">C.P.<\/label><input type=\"text\" name=\"address-1-zip\" placeholder=\"12191\" id=\"forminator-field-address-1-zip_69f294c5b7e84\" class=\"forminator-input\" value=\"\" \/><\/div><\/div><\/div><\/div><\/div><div class=\"forminator-row\"><div id=\"phone-1\" class=\"forminator-field-phone forminator-col forminator-col-6 \"><div class=\"forminator-field\"><label for=\"forminator-field-phone-1_69f294c5b7e84\" id=\"forminator-field-phone-1_69f294c5b7e84-label\" class=\"forminator-label\">Tel\u00e8fon <span class=\"forminator-required\">*<\/span><\/label><input type=\"text\" name=\"phone-1\" value=\"\" placeholder=\"\" id=\"forminator-field-phone-1_69f294c5b7e84\" class=\"forminator-input forminator-field--phone\" data-required=\"1\" aria-required=\"true\" autocomplete=\"off\" \/><\/div><\/div><div id=\"email-1\" class=\"forminator-field-email forminator-col forminator-col-6 \"><div class=\"forminator-field\"><label for=\"forminator-field-email-1_69f294c5b7e84\" id=\"forminator-field-email-1_69f294c5b7e84-label\" class=\"forminator-label\">e-mail <span class=\"forminator-required\">*<\/span><\/label><input type=\"email\" name=\"email-1\" value=\"\" placeholder=\"\" id=\"forminator-field-email-1_69f294c5b7e84\" class=\"forminator-input forminator-email--field\" data-required=\"true\" aria-required=\"true\" \/><\/div><\/div><\/div><div class=\"forminator-row\"><div id=\"text-1\" class=\"forminator-field-text forminator-col forminator-col-12 \"><div class=\"forminator-field\"><label for=\"forminator-field-text-1_69f294c5b7e84\" id=\"forminator-field-text-1_69f294c5b7e84-label\" class=\"forminator-label\">IBAN<\/label><input type=\"text\" name=\"text-1\" value=\"\" placeholder=\"\" id=\"forminator-field-text-1_69f294c5b7e84\" class=\"forminator-input forminator-name--field\" data-required=\"\" \/><\/div><\/div><\/div><input type=\"hidden\" name=\"referer_url\" value=\"\" \/><div class=\"forminator-row forminator-row-last\"><div class=\"forminator-col\"><div class=\"forminator-field\"><button class=\"forminator-button forminator-button-submit\">Enviar<\/button><\/div><\/div><\/div><input type=\"hidden\" id=\"forminator_nonce\" name=\"forminator_nonce\" value=\"8aa760821a\" \/><input type=\"hidden\" name=\"_wp_http_referer\" value=\"\/index.php\/wp-json\/wp\/v2\/pages\/3124\" \/><input type=\"hidden\" name=\"form_id\" value=\"3123\"><input type=\"hidden\" name=\"page_id\" value=\"3124\"><input type=\"hidden\" name=\"form_type\" value=\"default\"><input type=\"hidden\" name=\"current_url\" value=\"https:\/\/umlapoblatornesa.es\/index.php\/el-nostre-cor\/\"><input type=\"hidden\" name=\"render_id\" value=\"0\"><input type=\"hidden\" name=\"action\" value=\"forminator_submit_form_custom-forms\"><\/form><\/div>\n\n\n\n<br>\n","protected":false},"excerpt":{"rendered":"<p>A La Pobla Tornesa estem creant un cor d&#8217;adults per tal de cantar, passa-ho be junts i divertir-nos. Si vols apuntar-te o<\/p>\n<p class=\"link-more\"><a class=\"myButt \" href=\"https:\/\/umlapoblatornesa.es\/index.php\/el-nostre-cor\/\">Llegir m\u00e9s<\/a><\/p>\n","protected":false},"author":8,"featured_media":0,"parent":0,"menu_order":0,"comment_status":"closed","ping_status":"closed","template":"","meta":{"footnotes":""},"class_list":["post-3124","page","type-page","status-publish","hentry"],"aioseo_notices":[],"_links":{"self":[{"href":"https:\/\/umlapoblatornesa.es\/index.php\/wp-json\/wp\/v2\/pages\/3124","targetHints":{"allow":["GET"]}}],"collection":[{"href":"https:\/\/umlapoblatornesa.es\/index.php\/wp-json\/wp\/v2\/pages"}],"about":[{"href":"https:\/\/umlapoblatornesa.es\/index.php\/wp-json\/wp\/v2\/types\/page"}],"author":[{"embeddable":true,"href":"https:\/\/umlapoblatornesa.es\/index.php\/wp-json\/wp\/v2\/users\/8"}],"replies":[{"embeddable":true,"href":"https:\/\/umlapoblatornesa.es\/index.php\/wp-json\/wp\/v2\/comments?post=3124"}],"version-history":[{"count":3,"href":"https:\/\/umlapoblatornesa.es\/index.php\/wp-json\/wp\/v2\/pages\/3124\/revisions"}],"predecessor-version":[{"id":3130,"href":"https:\/\/umlapoblatornesa.es\/index.php\/wp-json\/wp\/v2\/pages\/3124\/revisions\/3130"}],"wp:attachment":[{"href":"https:\/\/umlapoblatornesa.es\/index.php\/wp-json\/wp\/v2\/media?parent=3124"}],"curies":[{"name":"wp","href":"https:\/\/api.w.org\/{rel}","templated":true}]}}